{"id":336,"date":"2025-08-23T16:46:05","date_gmt":"2025-08-23T16:46:05","guid":{"rendered":"https:\/\/www.lauriesabrinaburgio.fr\/?page_id=336"},"modified":"2025-12-13T18:02:37","modified_gmt":"2025-12-13T18:02:37","slug":"pour-les-femmes","status":"publish","type":"page","link":"https:\/\/www.lauriesabrinaburgio.fr\/index.php\/pour-les-femmes\/","title":{"rendered":"Femmes"},"content":{"rendered":"\n\n\t<section class=\"section dark\" id=\"section_178191342\">\n\t\t<div class=\"section-bg fill\" >\n\t\t\t<img loading=\"lazy\" decoding=\"async\" width=\"1536\" height=\"1024\" src=\"https:\/\/www.lauriesabrinaburgio.fr\/wp-content\/uploads\/2025\/09\/29FBA794-F729-40D4-883C-911E41BD606B.png\" class=\"bg attachment- size-\" alt=\"\" \/>\t\t\t\t\t\t\n\t\t\t\n\n\t\t<\/div>\n\n\t\t\n\n\t\t<div class=\"section-content relative\">\n\t\t\t\n\n<div class=\"row align-center\"  id=\"row-719621969\">\n\n\n\t<div id=\"col-1008086303\" class=\"col medium-11 small-12 large-11\"  >\n\t\t\t\t<div class=\"col-inner text-center\"  >\n\t\t\t\n\t\t\t\n\n\t<div id=\"text-623481368\" class=\"text\">\n\t\t\n\n<h2><span style=\"color: #ffffff;\">Pour les Femmes<\/span><\/h2>\n<p><span style=\"color: #ffffff; font-size: 90%;\">Je vous aide \u00e0 mieux connaitre votre cycle menstruel et \u00e0 vivre en harmonie avec vos rythmes int\u00e9rieurs.<\/span><\/p>\n\t\t\n<style>\n#text-623481368 {\n  font-size: 1.5rem;\n  text-align: center;\n}\n<\/style>\n\t<\/div>\n\t\n\t<div id=\"gap-1417819696\" class=\"gap-element clearfix\" style=\"display:block; height:auto;\">\n\t\t\n<style>\n#gap-1417819696 {\n  padding-top: 30px;\n}\n<\/style>\n\t<\/div>\n\t\n\n\n\t\t<\/div>\n\t\t\t\t\n<style>\n#col-1008086303 > .col-inner {\n  padding: 0px 0px 100px 0px;\n}\n<\/style>\n\t<\/div>\n\n\t\n\n<\/div>\n\n\t\t<\/div>\n\n\t\t\n<style>\n#section_178191342 {\n  padding-top: 47px;\n  padding-bottom: 47px;\n  min-height: 0px;\n}\n#section_178191342 .section-bg img {\n  object-position: 50%27%;\n}\n<\/style>\n\t<\/section>\n\t\n\n\t<section class=\"section\" id=\"section_1162709539\">\n\t\t<div class=\"section-bg fill\" >\n\t\t\t\t\t\t\t\t\t\n\t\t\t\n\n\t\t<\/div>\n\n\t\t\n\n\t\t<div class=\"section-content relative\">\n\t\t\t\n\n<h2 style=\"text-align: center;\">Ensemble nous explorons :<\/h2>\n<div class=\"row align-equal row-box-shadow-2-hover\"  id=\"row-787149010\">\n\n\n\t<div id=\"col-719430781\" class=\"col medium-6 small-12 large-4\"  data-animate=\"bounceInUp\">\n\t\t\t\t<div class=\"col-inner\"  >\n\t\t\t\n\t\t\t\n\n\n\t\t<div class=\"icon-box featured-box icon-box-center text-center\"  >\n\t\t\t\t\t<div class=\"icon-box-img\" style=\"width: 48px\">\n\t\t\t\t<div class=\"icon\">\n\t\t\t\t\t<div class=\"icon-inner\" >\n\t\t\t\t\t\t<img loading=\"lazy\" decoding=\"async\" width=\"80\" height=\"80\" src=\"https:\/\/www.lauriesabrinaburgio.fr\/wp-content\/uploads\/2025\/08\/Plan-de-travail-7-bleu-e1755600673739.png\" class=\"attachment-medium size-medium\" alt=\"\" \/>\t\t\t\t\t<\/div>\n\t\t\t\t<\/div>\n\t\t\t<\/div>\n\t\t\t\t<div class=\"icon-box-text last-reset\">\n\t\t\t\t\t\t\t\t\t\n\n<p>La gestion autonome de la fertilit\u00e9, pour choisir en conscience ce qui vous convient le mieux.<\/p>\n\n\t\t<\/div>\n\t<\/div>\n\t\n\t\n\n\t\t<\/div>\n\t\t\t\t\t<\/div>\n\n\t\n\n\t<div id=\"col-57015050\" class=\"col medium-6 small-12 large-4\"  data-animate=\"bounceInUp\">\n\t\t\t\t<div class=\"col-inner\"  >\n\t\t\t\n\t\t\t\n\n\n\t\t<div class=\"icon-box featured-box icon-box-center text-center\"  >\n\t\t\t\t\t<div class=\"icon-box-img\" style=\"width: 48px\">\n\t\t\t\t<div class=\"icon\">\n\t\t\t\t\t<div class=\"icon-inner\" >\n\t\t\t\t\t\t<img loading=\"lazy\" decoding=\"async\" width=\"143\" height=\"143\" src=\"https:\/\/www.lauriesabrinaburgio.fr\/wp-content\/uploads\/2025\/08\/Plan-de-travail-7-or.png\" class=\"attachment-medium size-medium\" alt=\"\" srcset=\"https:\/\/www.lauriesabrinaburgio.fr\/wp-content\/uploads\/2025\/08\/Plan-de-travail-7-or.png 143w, https:\/\/www.lauriesabrinaburgio.fr\/wp-content\/uploads\/2025\/08\/Plan-de-travail-7-or-100x100.png 100w\" sizes=\"auto, (max-width: 143px) 100vw, 143px\" \/>\t\t\t\t\t<\/div>\n\t\t\t\t<\/div>\n\t\t\t<\/div>\n\t\t\t\t<div class=\"icon-box-text last-reset\">\n\t\t\t\t\t\t\t\t\t\n\n<p>La m\u00e9thode de <strong>symptothermie<\/strong>, pour observer et comprendre les signes de votre corps.<\/p>\n\n\t\t<\/div>\n\t<\/div>\n\t\n\t\n\n\t\t<\/div>\n\t\t\t\t\t<\/div>\n\n\t\n\n\t<div id=\"col-1204723092\" class=\"col medium-6 small-12 large-4\"  data-animate=\"bounceInUp\">\n\t\t\t\t<div class=\"col-inner\"  >\n\t\t\t\n\t\t\t\n\n\n\t\t<div class=\"icon-box featured-box icon-box-center text-center\"  >\n\t\t\t\t\t<div class=\"icon-box-img\" style=\"width: 48px\">\n\t\t\t\t<div class=\"icon\">\n\t\t\t\t\t<div class=\"icon-inner\" >\n\t\t\t\t\t\t<img loading=\"lazy\" decoding=\"async\" width=\"80\" height=\"80\" src=\"https:\/\/www.lauriesabrinaburgio.fr\/wp-content\/uploads\/2025\/08\/Plan-de-travail-7-bleu-e1755600673739.png\" class=\"attachment-medium size-medium\" alt=\"\" \/>\t\t\t\t\t<\/div>\n\t\t\t\t<\/div>\n\t\t\t<\/div>\n\t\t\t\t<div class=\"icon-box-text last-reset\">\n\t\t\t\t\t\t\t\t\t\n\n<p>La sensibilisation aux protections p\u00e9riodiques et les alternatives adapt\u00e9es \u00e0 votre bien-\u00eatre.<\/p>\n\n\t\t<\/div>\n\t<\/div>\n\t\n\t\n\n\t\t<\/div>\n\t\t\t\t\t<\/div>\n\n\t\n\n\t<div id=\"col-477939470\" class=\"col medium-6 small-12 large-4\"  data-animate=\"bounceInUp\">\n\t\t\t\t<div class=\"col-inner text-center\"  >\n\t\t\t\n\t\t\t\n\n\n\t\t<div class=\"icon-box featured-box icon-box-center text-center\"  >\n\t\t\t\t\t<div class=\"icon-box-img\" style=\"width: 48px\">\n\t\t\t\t<div class=\"icon\">\n\t\t\t\t\t<div class=\"icon-inner\" >\n\t\t\t\t\t\t<img loading=\"lazy\" decoding=\"async\" width=\"143\" height=\"143\" src=\"https:\/\/www.lauriesabrinaburgio.fr\/wp-content\/uploads\/2025\/08\/Plan-de-travail-7-or.png\" class=\"attachment-medium size-medium\" alt=\"\" srcset=\"https:\/\/www.lauriesabrinaburgio.fr\/wp-content\/uploads\/2025\/08\/Plan-de-travail-7-or.png 143w, https:\/\/www.lauriesabrinaburgio.fr\/wp-content\/uploads\/2025\/08\/Plan-de-travail-7-or-100x100.png 100w\" sizes=\"auto, (max-width: 143px) 100vw, 143px\" \/>\t\t\t\t\t<\/div>\n\t\t\t\t<\/div>\n\t\t\t<\/div>\n\t\t\t\t<div class=\"icon-box-text last-reset\">\n\t\t\t\t\t\t\t\t\t\n\n<p>La lib\u00e9ration des blocages \u00e9motionnels et le r\u00e9\u00e9quilibrage f\u00e9minin \/ masculin.<\/p>\n\n\t\t<\/div>\n\t<\/div>\n\t\n\t\n\n\t\t<\/div>\n\t\t\t\t\t<\/div>\n\n\t\n\n\t<div id=\"col-1462796010\" class=\"col medium-6 small-12 large-4\"  data-animate=\"bounceInUp\">\n\t\t\t\t<div class=\"col-inner text-center\"  >\n\t\t\t\n\t\t\t\n\n\n\t<a class=\"plain\" href=\"#\" >\t<div class=\"icon-box featured-box icon-box-center text-center\"  >\n\t\t\t\t\t<div class=\"icon-box-img\" style=\"width: 48px\">\n\t\t\t\t<div class=\"icon\">\n\t\t\t\t\t<div class=\"icon-inner\" >\n\t\t\t\t\t\t<img loading=\"lazy\" decoding=\"async\" width=\"80\" height=\"80\" src=\"https:\/\/www.lauriesabrinaburgio.fr\/wp-content\/uploads\/2025\/08\/Plan-de-travail-7-bleu-e1755600673739.png\" class=\"attachment-medium size-medium\" alt=\"\" \/>\t\t\t\t\t<\/div>\n\t\t\t\t<\/div>\n\t\t\t<\/div>\n\t\t\t\t<div class=\"icon-box-text last-reset\">\n\t\t\t\t\t\t\t\t\t\n\n<p>L\u2018exploration de votre sexualit\u00e9 pour cheminer vers une <strong>sexualit\u00e9 consciente et sacr\u00e9e<\/strong>, en lien avec votre \u00e9nergie vitale.<\/p>\n\n\t\t<\/div>\n\t<\/div>\n\t<\/a>\n\t\n\n\t\t<\/div>\n\t\t\t\t\t<\/div>\n\n\t\n\n\n<style>\n#row-787149010 > .col > .col-inner {\n  padding: 40px 40px 40px 40px;\n  background-color: rgb(255,255,255);\n  border-radius: 20px;\n}\n<\/style>\n<\/div>\n\n\t\t<\/div>\n\n\t\t\n<style>\n#section_1162709539 {\n  padding-top: 60px;\n  padding-bottom: 60px;\n  background-color: rgb(250, 250, 250);\n}\n<\/style>\n\t<\/section>\n\t\n\n\t<section class=\"section dark\" id=\"section_154628995\">\n\t\t<div class=\"section-bg fill\" >\n\t\t\t\t\t\t\t\t\t\n\t\t\t\n\n\t\t<\/div>\n\n\t\t\n\n\t\t<div class=\"section-content relative\">\n\t\t\t\n\n\t<div id=\"gap-1530482564\" class=\"gap-element clearfix\" style=\"display:block; height:auto;\">\n\t\t\n<style>\n#gap-1530482564 {\n  padding-top: 30px;\n}\n<\/style>\n\t<\/div>\n\t\n\n<div class=\"row\"  id=\"row-1635527712\">\n\n\n\t<div id=\"col-1388079791\" class=\"col medium-12 small-12 large-4\"  >\n\t\t\t\t<div class=\"col-inner\"  >\n\t\t\t\n\t\t\t\n\n\t<div class=\"img has-hover x md-x lg-x y md-y lg-y\" id=\"image_184189544\">\n\t\t\t\t\t\t\t\t<div class=\"img-inner dark\" >\n\t\t\t<img loading=\"lazy\" decoding=\"async\" width=\"842\" height=\"426\" src=\"https:\/\/www.lauriesabrinaburgio.fr\/wp-content\/uploads\/2025\/08\/LOGO_ALTERNATIF_BLANC_OR.png\" class=\"attachment-large size-large\" alt=\"\" srcset=\"https:\/\/www.lauriesabrinaburgio.fr\/wp-content\/uploads\/2025\/08\/LOGO_ALTERNATIF_BLANC_OR.png 842w, https:\/\/www.lauriesabrinaburgio.fr\/wp-content\/uploads\/2025\/08\/LOGO_ALTERNATIF_BLANC_OR-300x152.png 300w, https:\/\/www.lauriesabrinaburgio.fr\/wp-content\/uploads\/2025\/08\/LOGO_ALTERNATIF_BLANC_OR-768x389.png 768w, https:\/\/www.lauriesabrinaburgio.fr\/wp-content\/uploads\/2025\/08\/LOGO_ALTERNATIF_BLANC_OR-510x258.png 510w\" sizes=\"auto, (max-width: 842px) 100vw, 842px\" \/>\t\t\t\t\t\t\n\t\t\t\t\t<\/div>\n\t\t\t\t\t\t\t\t\n<style>\n#image_184189544 {\n  width: 60%;\n}\n@media (min-width:550px) {\n  #image_184189544 {\n    width: 30%;\n  }\n}\n@media (min-width:850px) {\n  #image_184189544 {\n    width: 60%;\n  }\n}\n<\/style>\n\t<\/div>\n\t\n\n\t<div id=\"gap-1238139178\" class=\"gap-element clearfix\" style=\"display:block; height:auto;\">\n\t\t\n<style>\n#gap-1238139178 {\n  padding-top: 10px;\n}\n<\/style>\n\t<\/div>\n\t\n\n<p>1 chemin de la Fontaine de Laurent<\/p>\n<p>13880 Velaux<\/p>\n\n\t\t<\/div>\n\t\t\t\t\t<\/div>\n\n\t\n\n\t<div id=\"col-694591582\" class=\"col medium-12 small-12 large-8\"  >\n\t\t\t\t<div class=\"col-inner\"  >\n\t\t\t\n\t\t\t\n\n<div class=\"row row-small\"  id=\"row-30909353\">\n\n\n\t<div id=\"col-1547559880\" class=\"col medium-4 small-12 large-4\"  >\n\t\t\t\t<div class=\"col-inner\"  >\n\t\t\t\n\t\t\t\n\n<h4>Mes accompagnements<\/h4>\n<ul>\n<li class=\"bullet-arrow\"><a href=\"https:\/\/www.lauriesabrinaburgio.fr\/index.php\/pour-les-femmes\/\"><span style=\"font-size: 90%;\">Pour les femmes<\/span><\/a><\/li>\n<li class=\"bullet-arrow\"><a href=\"https:\/\/www.lauriesabrinaburgio.fr\/index.php\/hommes\/\"><span style=\"font-size: 90%;\">Pour les hommes<\/span><\/a><\/li>\n<li class=\"bullet-arrow\"><a href=\"https:\/\/www.lauriesabrinaburgio.fr\/index.php\/enfants\/\"><span style=\"font-size: 90%;\">Pour les enfants<\/span><\/a><\/li>\n<li class=\"bullet-arrow\"><a href=\"https:\/\/www.lauriesabrinaburgio.fr\/index.php\/contraception-symptothermie\/\"><span style=\"font-size: 90%;\">Contraception &amp; symptothermie<\/span><\/a><\/li>\n<\/ul>\n\n\t\t<\/div>\n\t\t\t\t\t<\/div>\n\n\t\n\n\t<div id=\"col-1367156753\" class=\"col medium-4 small-12 large-4\"  >\n\t\t\t\t<div class=\"col-inner\"  >\n\t\t\t\n\t\t\t\n\n<h4>Navigation<\/h4>\n<ul>\n<li class=\"bullet-arrow\"><a href=\"https:\/\/www.lauriesabrinaburgio.fr\/index.php\/qui-suis-je\/\"><span style=\"font-size: 90%;\">Qui suis-je ?<\/span><\/a><\/li>\n<li class=\"bullet-arrow\"><a href=\"https:\/\/www.lauriesabrinaburgio.fr\/index.php\/bilan-capilaire\/\"><span style=\"font-size: 90%;\">Bilan capillaire<\/span><\/a><\/li>\n<\/ul>\n\n\t\t<\/div>\n\t\t\t\t\t<\/div>\n\n\t\n\n\t<div id=\"col-1012697701\" class=\"col medium-4 small-12 large-4\"  >\n\t\t\t\t<div class=\"col-inner\"  >\n\t\t\t\n\t\t\t\n\n<h4>Contact<\/h4>\n<ul>\n<li class=\"bullet-arrow\">\n<div class=\"icon-box-text last-reset\">\n<p>T\u00e9l\u00e9phone :<\/p>\n<p><span style=\"font-size: 80%;\">+33 7 72 26 72 21<\/span><\/p>\n<p><span style=\"font-size: 80%;\"><strong>Sur rendez-vous uniquement<\/strong><\/span><\/p>\n<\/div>\n<\/li>\n<li class=\"bullet-arrow\">\n<div class=\"icon-box featured-box icon-box-center text-center\">\n<div class=\"icon-box-text last-reset\">\n<p style=\"text-align: left;\">Email :<\/p>\n<p style=\"text-align: left;\"><span style=\"font-size: 80%;\">lauriesabrinaburgio@gmail.com<\/span><\/p>\n<\/div>\n<\/div>\n<\/li>\n<\/ul>\n\n\t\t<\/div>\n\t\t\t\t\t<\/div>\n\n\t\n\n<\/div>\n\n\t\t<\/div>\n\t\t\t\t\t<\/div>\n\n\t\n\n<\/div>\n<div class=\"row\"  id=\"row-2042559335\">\n\n\n\t<div id=\"col-743297496\" class=\"col small-12 large-12\"  >\n\t\t\t\t<div class=\"col-inner\"  >\n\t\t\t\n\t\t\t\n\n<div class=\"is-divider divider clearfix\" style=\"max-width:100%;height:2px;background-color:rgb(255, 255, 255);\"><\/div>\n\n\n\t\t<\/div>\n\t\t\t\t\n<style>\n#col-743297496 > .col-inner {\n  margin: -30px 0px -30px 0px;\n}\n<\/style>\n\t<\/div>\n\n\t\n\n<\/div>\n<div class=\"row hide-for-small\"  id=\"row-183244352\">\n\n\n\t<div id=\"col-455702052\" class=\"col medium-4 small-12 large-4\"  >\n\t\t\t\t<div class=\"col-inner text-left\"  >\n\t\t\t\n\t\t\t\n\n<p>Copyright <strong>@ Laurie Burgio<\/strong><\/p>\n\n\t\t<\/div>\n\t\t\t\t\t<\/div>\n\n\t\n\n<\/div>\n<div class=\"row show-for-small\"  id=\"row-626553303\">\n\n\n\t<div id=\"col-570852054\" class=\"col small-12 large-12\"  >\n\t\t\t\t<div class=\"col-inner text-center\"  >\n\t\t\t\n\t\t\t\n\n<div class=\"social-icons follow-icons full-width text-center\" ><a href=\"#\" target=\"_blank\" data-label=\"Facebook\" class=\"icon plain tooltip facebook\" title=\"Nous suivre sur Facebook\" aria-label=\"Nous suivre sur Facebook\" rel=\"noopener nofollow\"><i class=\"icon-facebook\" aria-hidden=\"true\"><\/i><\/a><a href=\"#\" target=\"_blank\" data-label=\"Instagram\" class=\"icon plain tooltip instagram\" title=\"Nous suivre sur Instagram\" aria-label=\"Nous suivre sur Instagram\" rel=\"noopener nofollow\"><i class=\"icon-instagram\" aria-hidden=\"true\"><\/i><\/a><a href=\"#\" data-label=\"Twitter\" target=\"_blank\" class=\"icon plain tooltip twitter\" title=\"Nous suivre sur Twitter\" aria-label=\"Nous suivre sur Twitter\" rel=\"noopener nofollow\"><i class=\"icon-twitter\" aria-hidden=\"true\"><\/i><\/a><a href=\"#\" data-label=\"LinkedIn\" target=\"_blank\" class=\"icon plain tooltip linkedin\" title=\"Nous suivre sur LinkedIn\" aria-label=\"Nous suivre sur LinkedIn\" rel=\"noopener nofollow\"><i class=\"icon-linkedin\" aria-hidden=\"true\"><\/i><\/a><\/div>\n\n\t<div id=\"gap-1509559325\" class=\"gap-element clearfix\" style=\"display:block; height:auto;\">\n\t\t\n<style>\n#gap-1509559325 {\n  padding-top: 10px;\n}\n<\/style>\n\t<\/div>\n\t\n\n<p>\u00a9<br \/>\n 2026 UX Themes<\/p>\n<a class=\"button white is-link is-small\" >\n\t\t<span>Terms<\/span>\n\t<\/a>\n\n\n<a class=\"button white is-link is-small\" >\n\t\t<span>Privacy<\/span>\n\t<\/a>\n\n\n<a class=\"button white is-link is-small\" >\n\t\t<span>Cookies<\/span>\n\t<\/a>\n\n\n\n\t\t<\/div>\n\t\t\t\t\t<\/div>\n\n\t\n\n<\/div>\n\n\t\t<\/div>\n\n\t\t\n<style>\n#section_154628995 {\n  padding-top: 30px;\n  padding-bottom: 30px;\n  background-color: #273647;\n}\n@media (min-width:550px) {\n  #section_154628995 {\n    padding-top: 60px;\n    padding-bottom: 60px;\n  }\n}\n<\/style>\n\t<\/section>\n\t\n\n","protected":false},"excerpt":{"rendered":"","protected":false},"author":1,"featured_media":0,"parent":0,"menu_order":0,"comment_status":"closed","ping_status":"closed","template":"","meta":{"footnotes":""},"class_list":["post-336","page","type-page","status-publish","hentry"],"yoast_head":"<!-- This site is optimized with the Yoast SEO plugin v26.5 - https:\/\/yoast.com\/wordpress\/plugins\/seo\/ -->\n<title>Femmes - Laurie Sabrina Burgio<\/title>\n<meta name=\"description\" content=\"Femmes %\" \/>\n<meta name=\"robots\" content=\"index, follow, max-snippet:-1, max-image-preview:large, max-video-preview:-1\" \/>\n<link rel=\"canonical\" href=\"https:\/\/www.lauriesabrinaburgio.fr\/index.php\/pour-les-femmes\/\" \/>\n<meta property=\"og:locale\" content=\"fr_FR\" \/>\n<meta property=\"og:type\" content=\"article\" \/>\n<meta property=\"og:title\" content=\"Femmes - Laurie Sabrina Burgio\" \/>\n<meta property=\"og:description\" content=\"Femmes %\" \/>\n<meta property=\"og:url\" content=\"https:\/\/www.lauriesabrinaburgio.fr\/index.php\/pour-les-femmes\/\" \/>\n<meta property=\"og:site_name\" content=\"Laurie Sabrina Burgio\" \/>\n<meta property=\"article:modified_time\" content=\"2025-12-13T18:02:37+00:00\" \/>\n<meta property=\"og:image\" content=\"https:\/\/www.lauriesabrinaburgio.fr\/wp-content\/uploads\/2025\/08\/LOGO_ALTERNATIF_BLEU_OR.jpg\" \/>\n\t<meta property=\"og:image:width\" content=\"843\" \/>\n\t<meta property=\"og:image:height\" content=\"426\" \/>\n\t<meta property=\"og:image:type\" content=\"image\/jpeg\" \/>\n<meta name=\"twitter:card\" content=\"summary_large_image\" \/>\n<script type=\"application\/ld+json\" class=\"yoast-schema-graph\">{\"@context\":\"https:\/\/schema.org\",\"@graph\":[{\"@type\":\"WebPage\",\"@id\":\"https:\/\/www.lauriesabrinaburgio.fr\/index.php\/pour-les-femmes\/\",\"url\":\"https:\/\/www.lauriesabrinaburgio.fr\/index.php\/pour-les-femmes\/\",\"name\":\"Femmes - Laurie Sabrina Burgio\",\"isPartOf\":{\"@id\":\"https:\/\/www.lauriesabrinaburgio.fr\/#website\"},\"datePublished\":\"2025-08-23T16:46:05+00:00\",\"dateModified\":\"2025-12-13T18:02:37+00:00\",\"description\":\"Femmes %\",\"breadcrumb\":{\"@id\":\"https:\/\/www.lauriesabrinaburgio.fr\/index.php\/pour-les-femmes\/#breadcrumb\"},\"inLanguage\":\"fr-FR\",\"potentialAction\":[{\"@type\":\"ReadAction\",\"target\":[\"https:\/\/www.lauriesabrinaburgio.fr\/index.php\/pour-les-femmes\/\"]}]},{\"@type\":\"BreadcrumbList\",\"@id\":\"https:\/\/www.lauriesabrinaburgio.fr\/index.php\/pour-les-femmes\/#breadcrumb\",\"itemListElement\":[{\"@type\":\"ListItem\",\"position\":1,\"name\":\"Accueil\",\"item\":\"https:\/\/www.lauriesabrinaburgio.fr\/\"},{\"@type\":\"ListItem\",\"position\":2,\"name\":\"Femmes\"}]},{\"@type\":\"WebSite\",\"@id\":\"https:\/\/www.lauriesabrinaburgio.fr\/#website\",\"url\":\"https:\/\/www.lauriesabrinaburgio.fr\/\",\"name\":\"Laurie Sabrina Burgio\",\"description\":\"T\u00e9rapeute \u00e9nergie f\u00e9minie\",\"publisher\":{\"@id\":\"https:\/\/www.lauriesabrinaburgio.fr\/#\/schema\/person\/8392effba34872114f6dc49c58140a29\"},\"alternateName\":\"Laurie Sabrina\",\"potentialAction\":[{\"@type\":\"SearchAction\",\"target\":{\"@type\":\"EntryPoint\",\"urlTemplate\":\"https:\/\/www.lauriesabrinaburgio.fr\/?s={search_term_string}\"},\"query-input\":{\"@type\":\"PropertyValueSpecification\",\"valueRequired\":true,\"valueName\":\"search_term_string\"}}],\"inLanguage\":\"fr-FR\"},{\"@type\":[\"Person\",\"Organization\"],\"@id\":\"https:\/\/www.lauriesabrinaburgio.fr\/#\/schema\/person\/8392effba34872114f6dc49c58140a29\",\"name\":\"Laurie Sabrina Burgio\",\"image\":{\"@type\":\"ImageObject\",\"inLanguage\":\"fr-FR\",\"@id\":\"https:\/\/www.lauriesabrinaburgio.fr\/#\/schema\/person\/image\/\",\"url\":\"https:\/\/www.lauriesabrinaburgio.fr\/wp-content\/uploads\/2025\/08\/LOGO_PICTO_BLEU_OR.png\",\"contentUrl\":\"https:\/\/www.lauriesabrinaburgio.fr\/wp-content\/uploads\/2025\/08\/LOGO_PICTO_BLEU_OR.png\",\"width\":843,\"height\":596,\"caption\":\"Laurie Sabrina Burgio\"},\"logo\":{\"@id\":\"https:\/\/www.lauriesabrinaburgio.fr\/#\/schema\/person\/image\/\"},\"sameAs\":[\"http:\/\/www.lauriesabrinaburgio.fr\"]}]}<\/script>\n<!-- \/ Yoast SEO plugin. -->","yoast_head_json":{"title":"Femmes - Laurie Sabrina Burgio","description":"Femmes %","robots":{"index":"index","follow":"follow","max-snippet":"max-snippet:-1","max-image-preview":"max-image-preview:large","max-video-preview":"max-video-preview:-1"},"canonical":"https:\/\/www.lauriesabrinaburgio.fr\/index.php\/pour-les-femmes\/","og_locale":"fr_FR","og_type":"article","og_title":"Femmes - Laurie Sabrina Burgio","og_description":"Femmes %","og_url":"https:\/\/www.lauriesabrinaburgio.fr\/index.php\/pour-les-femmes\/","og_site_name":"Laurie Sabrina Burgio","article_modified_time":"2025-12-13T18:02:37+00:00","og_image":[{"width":843,"height":426,"url":"https:\/\/www.lauriesabrinaburgio.fr\/wp-content\/uploads\/2025\/08\/LOGO_ALTERNATIF_BLEU_OR.jpg","type":"image\/jpeg"}],"twitter_card":"summary_large_image","schema":{"@context":"https:\/\/schema.org","@graph":[{"@type":"WebPage","@id":"https:\/\/www.lauriesabrinaburgio.fr\/index.php\/pour-les-femmes\/","url":"https:\/\/www.lauriesabrinaburgio.fr\/index.php\/pour-les-femmes\/","name":"Femmes - Laurie Sabrina Burgio","isPartOf":{"@id":"https:\/\/www.lauriesabrinaburgio.fr\/#website"},"datePublished":"2025-08-23T16:46:05+00:00","dateModified":"2025-12-13T18:02:37+00:00","description":"Femmes %","breadcrumb":{"@id":"https:\/\/www.lauriesabrinaburgio.fr\/index.php\/pour-les-femmes\/#breadcrumb"},"inLanguage":"fr-FR","potentialAction":[{"@type":"ReadAction","target":["https:\/\/www.lauriesabrinaburgio.fr\/index.php\/pour-les-femmes\/"]}]},{"@type":"BreadcrumbList","@id":"https:\/\/www.lauriesabrinaburgio.fr\/index.php\/pour-les-femmes\/#breadcrumb","itemListElement":[{"@type":"ListItem","position":1,"name":"Accueil","item":"https:\/\/www.lauriesabrinaburgio.fr\/"},{"@type":"ListItem","position":2,"name":"Femmes"}]},{"@type":"WebSite","@id":"https:\/\/www.lauriesabrinaburgio.fr\/#website","url":"https:\/\/www.lauriesabrinaburgio.fr\/","name":"Laurie Sabrina Burgio","description":"T\u00e9rapeute \u00e9nergie f\u00e9minie","publisher":{"@id":"https:\/\/www.lauriesabrinaburgio.fr\/#\/schema\/person\/8392effba34872114f6dc49c58140a29"},"alternateName":"Laurie Sabrina","potentialAction":[{"@type":"SearchAction","target":{"@type":"EntryPoint","urlTemplate":"https:\/\/www.lauriesabrinaburgio.fr\/?s={search_term_string}"},"query-input":{"@type":"PropertyValueSpecification","valueRequired":true,"valueName":"search_term_string"}}],"inLanguage":"fr-FR"},{"@type":["Person","Organization"],"@id":"https:\/\/www.lauriesabrinaburgio.fr\/#\/schema\/person\/8392effba34872114f6dc49c58140a29","name":"Laurie Sabrina Burgio","image":{"@type":"ImageObject","inLanguage":"fr-FR","@id":"https:\/\/www.lauriesabrinaburgio.fr\/#\/schema\/person\/image\/","url":"https:\/\/www.lauriesabrinaburgio.fr\/wp-content\/uploads\/2025\/08\/LOGO_PICTO_BLEU_OR.png","contentUrl":"https:\/\/www.lauriesabrinaburgio.fr\/wp-content\/uploads\/2025\/08\/LOGO_PICTO_BLEU_OR.png","width":843,"height":596,"caption":"Laurie Sabrina Burgio"},"logo":{"@id":"https:\/\/www.lauriesabrinaburgio.fr\/#\/schema\/person\/image\/"},"sameAs":["http:\/\/www.lauriesabrinaburgio.fr"]}]}},"_links":{"self":[{"href":"https:\/\/www.lauriesabrinaburgio.fr\/index.php\/wp-json\/wp\/v2\/pages\/336","targetHints":{"allow":["GET"]}}],"collection":[{"href":"https:\/\/www.lauriesabrinaburgio.fr\/index.php\/wp-json\/wp\/v2\/pages"}],"about":[{"href":"https:\/\/www.lauriesabrinaburgio.fr\/index.php\/wp-json\/wp\/v2\/types\/page"}],"author":[{"embeddable":true,"href":"https:\/\/www.lauriesabrinaburgio.fr\/index.php\/wp-json\/wp\/v2\/users\/1"}],"replies":[{"embeddable":true,"href":"https:\/\/www.lauriesabrinaburgio.fr\/index.php\/wp-json\/wp\/v2\/comments?post=336"}],"version-history":[{"count":12,"href":"https:\/\/www.lauriesabrinaburgio.fr\/index.php\/wp-json\/wp\/v2\/pages\/336\/revisions"}],"predecessor-version":[{"id":526,"href":"https:\/\/www.lauriesabrinaburgio.fr\/index.php\/wp-json\/wp\/v2\/pages\/336\/revisions\/526"}],"wp:attachment":[{"href":"https:\/\/www.lauriesabrinaburgio.fr\/index.php\/wp-json\/wp\/v2\/media?parent=336"}],"curies":[{"name":"wp","href":"https:\/\/api.w.org\/{rel}","templated":true}]}}