{"id":436,"date":"2025-10-27T13:37:25","date_gmt":"2025-10-27T13:37:25","guid":{"rendered":"https:\/\/www.lauriesabrinaburgio.fr\/?page_id=436"},"modified":"2025-12-13T18:03:48","modified_gmt":"2025-12-13T18:03:48","slug":"contraception-symptothermie","status":"publish","type":"page","link":"https:\/\/www.lauriesabrinaburgio.fr\/index.php\/contraception-symptothermie\/","title":{"rendered":"Contraception &amp; Symptothermie"},"content":{"rendered":"\n\n\t<section class=\"section dark has-scroll-for-more\" id=\"section_834980236\">\n\t\t<div class=\"section-bg fill\" >\n\t\t\t<img loading=\"lazy\" decoding=\"async\" width=\"1536\" height=\"1024\" src=\"https:\/\/www.lauriesabrinaburgio.fr\/wp-content\/uploads\/2025\/09\/29FBA794-F729-40D4-883C-911E41BD606B.png\" class=\"bg attachment- size-\" alt=\"\" \/>\t\t\t\t\t\t<button class=\"scroll-for-more z-5 icon absolute bottom h-center\" aria-label=\"Fais d\u00e9filer pour en savoir plus\"><i class=\"icon-angle-down\" aria-hidden=\"true\" style=\"font-size:42px;\"><\/i><\/button>\n\t\t\t\n\n\t\t<\/div>\n\n\t\t\n\n\t\t<div class=\"section-content relative\">\n\t\t\t\n\n<div class=\"row align-center\"  id=\"row-1404118169\">\n\n\n\t<div id=\"col-493859842\" class=\"col medium-11 small-12 large-11\"  >\n\t\t\t\t<div class=\"col-inner text-center\"  >\n\t\t\t\n\t\t\t\n\n\t<div id=\"text-3374233960\" class=\"text\">\n\t\t\n\n<h2>Contraception &amp; Symptothermie<\/h2>\n\t\t\n<style>\n#text-3374233960 {\n  font-size: 1.5rem;\n}\n<\/style>\n\t<\/div>\n\t\n\t<div id=\"text-3195568322\" class=\"text\">\n\t\t\n\n<h3><br \/><br \/><\/h3>\n\t\t\n<style>\n#text-3195568322 {\n  font-size: 1.5rem;\n}\n<\/style>\n\t<\/div>\n\t\n\t<div id=\"gap-1500357986\" class=\"gap-element clearfix\" style=\"display:block; height:auto;\">\n\t\t\n<style>\n#gap-1500357986 {\n  padding-top: 100px;\n}\n<\/style>\n\t<\/div>\n\t\n\n\n\t\t<\/div>\n\t\t\t\t\t<\/div>\n\n\t\n\n<\/div>\n\n\t\t<\/div>\n\n\t\t\n<style>\n#section_834980236 {\n  padding-top: 47px;\n  padding-bottom: 47px;\n  min-height: 0px;\n}\n#section_834980236 .section-bg img {\n  object-position: 50% 27%;\n}\n<\/style>\n\t<\/section>\n\t\n\n\t<section class=\"section\" id=\"section_1858504302\">\n\t\t<div class=\"section-bg fill\" >\n\t\t\t\t\t\t\t\t\t\n\t\t\t\n\n\t\t<\/div>\n\n\t\t\n\n\t\t<div class=\"section-content relative\">\n\t\t\t\n\n<div class=\"row\"  id=\"row-657519248\">\n\n\n\t<div id=\"col-1939756126\" class=\"col small-12 large-12\"  >\n\t\t\t\t<div class=\"col-inner text-center\"  >\n\t\t\t\n\t\t\t\n\n<h3>\u25a0 Retrouver confiance en ton corps \u25a0 Gestion autonome de la fertilit\u00e9<br \/>\u25a0 Devenir autonome dans la lecture de ton cycle \u25a0 Explorer ton \u00e9nergie f\u00e9minine<\/h3>\n\n\t\t<\/div>\n\t\t\t\t\t<\/div>\n\n\t\n\n<\/div>\n<div class=\"row align-equal row-box-shadow-2-hover\"  id=\"row-1903092315\">\n\n\n\t<div id=\"col-143369292\" class=\"col medium-6 small-12 large-4\"  >\n\t\t\t\t<div class=\"col-inner\"  >\n\t\t\t\n\t\t\t\n\n\n\t\t<div class=\"icon-box featured-box icon-box-center text-center\"  >\n\t\t\t\t\t<div class=\"icon-box-img\" style=\"width: 48px\">\n\t\t\t\t<div class=\"icon\">\n\t\t\t\t\t<div class=\"icon-inner\" >\n\t\t\t\t\t\t<img loading=\"lazy\" decoding=\"async\" width=\"80\" height=\"80\" src=\"https:\/\/www.lauriesabrinaburgio.fr\/wp-content\/uploads\/2025\/08\/Plan-de-travail-7-bleu-e1755600673739.png\" class=\"attachment-medium size-medium\" alt=\"\" \/>\t\t\t\t\t<\/div>\n\t\t\t\t<\/div>\n\t\t\t<\/div>\n\t\t\t\t<div class=\"icon-box-text last-reset\">\n\t\t\t\t\t\t\t\t\t\n\n\t<div id=\"text-559790661\" class=\"text\">\n\t\t\n\n<h3>Actuellement<\/h3>\n<p>En formation sur la symptothermie aupr\u00e8s de Claire Michelin &#8211; Intimit\u00e9 de femme, une m\u00e9thode de gestion autonome de la fertilit\u00e9.<\/p>\n\t\t\n<style>\n#text-559790661 {\n  text-align: left;\n}\n<\/style>\n\t<\/div>\n\t\n\n\t\t<\/div>\n\t<\/div>\n\t\n\t\n\n\t\t<\/div>\n\t\t\t\t\t<\/div>\n\n\t\n\n\t<div id=\"col-1912153106\" class=\"col medium-6 small-12 large-4\"  data-animate=\"bounceInUp\">\n\t\t\t\t<div class=\"col-inner\"  >\n\t\t\t\n\t\t\t\n\n\n\t\t<div class=\"icon-box featured-box icon-box-center text-center\"  >\n\t\t\t\t\t<div class=\"icon-box-img\" style=\"width: 48px\">\n\t\t\t\t<div class=\"icon\">\n\t\t\t\t\t<div class=\"icon-inner\" >\n\t\t\t\t\t\t<img loading=\"lazy\" decoding=\"async\" width=\"143\" height=\"143\" src=\"https:\/\/www.lauriesabrinaburgio.fr\/wp-content\/uploads\/2025\/08\/Plan-de-travail-7.png\" class=\"attachment-medium size-medium\" alt=\"\" srcset=\"https:\/\/www.lauriesabrinaburgio.fr\/wp-content\/uploads\/2025\/08\/Plan-de-travail-7.png 143w, https:\/\/www.lauriesabrinaburgio.fr\/wp-content\/uploads\/2025\/08\/Plan-de-travail-7-100x100.png 100w\" sizes=\"auto, (max-width: 143px) 100vw, 143px\" \/>\t\t\t\t\t<\/div>\n\t\t\t\t<\/div>\n\t\t\t<\/div>\n\t\t\t\t<div class=\"icon-box-text last-reset\">\n\t\t\t\t\t\t\t\t\t\n\n\t<div id=\"text-2067543824\" class=\"text\">\n\t\t\n\n<h3>Connaissance<\/h3>\n<p>Elle permet de mieux conna\u00eetre son cycle et g\u00e9rer sa fertilit\u00e9 sans hormones de synth\u00e8se.<\/p>\n\t\t\n<style>\n#text-2067543824 {\n  text-align: left;\n}\n<\/style>\n\t<\/div>\n\t\n\n\t\t<\/div>\n\t<\/div>\n\t\n\t\n\n\t\t<\/div>\n\t\t\t\t\t<\/div>\n\n\t\n\n\t<div id=\"col-2061503584\" class=\"col medium-6 small-12 large-4\"  data-animate=\"bounceInUp\">\n\t\t\t\t<div class=\"col-inner\"  >\n\t\t\t\n\t\t\t\n\n\n\t\t<div class=\"icon-box featured-box icon-box-center text-center\"  >\n\t\t\t\t\t<div class=\"icon-box-img\" style=\"width: 48px\">\n\t\t\t\t<div class=\"icon\">\n\t\t\t\t\t<div class=\"icon-inner\" >\n\t\t\t\t\t\t<img loading=\"lazy\" decoding=\"async\" width=\"80\" height=\"80\" src=\"https:\/\/www.lauriesabrinaburgio.fr\/wp-content\/uploads\/2025\/08\/Plan-de-travail-7-bleu-e1755600673739.png\" class=\"attachment-medium size-medium\" alt=\"\" \/>\t\t\t\t\t<\/div>\n\t\t\t\t<\/div>\n\t\t\t<\/div>\n\t\t\t\t<div class=\"icon-box-text last-reset\">\n\t\t\t\t\t\t\t\t\t\n\n\t<div id=\"text-3464769864\" class=\"text\">\n\t\t\n\n<h3>En recherche<\/h3>\n<p>Dans le cadre de ma formation, je recherche plusieurs femmes souhaitant \u00eatre accompagn\u00e9es \u00e0 tarif r\u00e9duit pour apprendre \u00e0 observer leur cycle et comprendre leur corps en profondeur.<\/p>\n\t\t\n<style>\n#text-3464769864 {\n  text-align: left;\n}\n<\/style>\n\t<\/div>\n\t\n\n\t\t<\/div>\n\t<\/div>\n\t\n\t\n\n\t\t<\/div>\n\t\t\t\t\t<\/div>\n\n\t\n\n\t<div id=\"col-292942373\" class=\"col medium-6 small-12 large-4\"  data-animate=\"bounceInUp\">\n\t\t\t\t<div class=\"col-inner\"  >\n\t\t\t\n\t\t\t\n\n\n\t\t<div class=\"icon-box featured-box icon-box-center text-center\"  >\n\t\t\t\t\t<div class=\"icon-box-img\" style=\"width: 48px\">\n\t\t\t\t<div class=\"icon\">\n\t\t\t\t\t<div class=\"icon-inner\" >\n\t\t\t\t\t\t<img loading=\"lazy\" decoding=\"async\" width=\"143\" height=\"143\" src=\"https:\/\/www.lauriesabrinaburgio.fr\/wp-content\/uploads\/2025\/08\/Plan-de-travail-7.png\" class=\"attachment-medium size-medium\" alt=\"\" srcset=\"https:\/\/www.lauriesabrinaburgio.fr\/wp-content\/uploads\/2025\/08\/Plan-de-travail-7.png 143w, https:\/\/www.lauriesabrinaburgio.fr\/wp-content\/uploads\/2025\/08\/Plan-de-travail-7-100x100.png 100w\" sizes=\"auto, (max-width: 143px) 100vw, 143px\" \/>\t\t\t\t\t<\/div>\n\t\t\t\t<\/div>\n\t\t\t<\/div>\n\t\t\t\t<div class=\"icon-box-text last-reset\">\n\t\t\t\t\t\t\t\t\t\n\n\t<div id=\"text-1775783491\" class=\"text\">\n\t\t\n\n<h3>En parrall\u00e8le<\/h3>\n<p>Je propose un accompagnement \u00e9nerg\u00e9tique personnalis\u00e9 pour mieux vivre cette p\u00e9riode d&rsquo;apprentissage du corps, afin de se sentir d\u00e9tendue, sereine et confiante.<\/p>\n\t\t\n<style>\n#text-1775783491 {\n  text-align: left;\n}\n<\/style>\n\t<\/div>\n\t\n\n\t\t<\/div>\n\t<\/div>\n\t\n\t\n\n\t\t<\/div>\n\t\t\t\t\t<\/div>\n\n\t\n\n\n<style>\n#row-1903092315 > .col > .col-inner {\n  padding: 40px 40px 40px 40px;\n  background-color: rgb(255,255,255);\n  border-radius: 20px;\n}\n<\/style>\n<\/div>\n\n\t\t<\/div>\n\n\t\t\n<style>\n#section_1858504302 {\n  padding-top: 60px;\n  padding-bottom: 60px;\n  background-color: rgb(250, 250, 250);\n}\n<\/style>\n\t<\/section>\n\t\n\t<div id=\"text-419846478\" class=\"text\">\n\t\t\n\n<h3>Un accompagnement progressif, bienveillant et 100% adapt\u00e9 \u00e0 toi.<\/h3>\n\t\t\n<style>\n#text-419846478 {\n  text-align: center;\n}\n<\/style>\n\t<\/div>\n\t\n\n\t<section class=\"section dark\" id=\"section_1611808134\">\n\t\t<div class=\"section-bg fill\" >\n\t\t\t\t\t\t\t\t\t\n\t\t\t\n\n\t\t<\/div>\n\n\t\t\n\n\t\t<div class=\"section-content relative\">\n\t\t\t\n\n\t<div id=\"gap-1883550231\" class=\"gap-element clearfix\" style=\"display:block; height:auto;\">\n\t\t\n<style>\n#gap-1883550231 {\n  padding-top: 30px;\n}\n<\/style>\n\t<\/div>\n\t\n\n<div class=\"row\"  id=\"row-997882672\">\n\n\n\t<div id=\"col-172341270\" class=\"col medium-12 small-12 large-4\"  >\n\t\t\t\t<div class=\"col-inner\"  >\n\t\t\t\n\t\t\t\n\n\t<div class=\"img has-hover x md-x lg-x y md-y lg-y\" id=\"image_1673264684\">\n\t\t\t\t\t\t\t\t<div class=\"img-inner dark\" >\n\t\t\t<img loading=\"lazy\" decoding=\"async\" width=\"842\" height=\"426\" src=\"https:\/\/www.lauriesabrinaburgio.fr\/wp-content\/uploads\/2025\/08\/LOGO_ALTERNATIF_BLANC_OR.png\" class=\"attachment-large size-large\" alt=\"\" srcset=\"https:\/\/www.lauriesabrinaburgio.fr\/wp-content\/uploads\/2025\/08\/LOGO_ALTERNATIF_BLANC_OR.png 842w, https:\/\/www.lauriesabrinaburgio.fr\/wp-content\/uploads\/2025\/08\/LOGO_ALTERNATIF_BLANC_OR-300x152.png 300w, https:\/\/www.lauriesabrinaburgio.fr\/wp-content\/uploads\/2025\/08\/LOGO_ALTERNATIF_BLANC_OR-768x389.png 768w, https:\/\/www.lauriesabrinaburgio.fr\/wp-content\/uploads\/2025\/08\/LOGO_ALTERNATIF_BLANC_OR-510x258.png 510w\" sizes=\"auto, (max-width: 842px) 100vw, 842px\" \/>\t\t\t\t\t\t\n\t\t\t\t\t<\/div>\n\t\t\t\t\t\t\t\t\n<style>\n#image_1673264684 {\n  width: 60%;\n}\n@media (min-width:550px) {\n  #image_1673264684 {\n    width: 30%;\n  }\n}\n@media (min-width:850px) {\n  #image_1673264684 {\n    width: 60%;\n  }\n}\n<\/style>\n\t<\/div>\n\t\n\n\t<div id=\"gap-823997662\" class=\"gap-element clearfix\" style=\"display:block; height:auto;\">\n\t\t\n<style>\n#gap-823997662 {\n  padding-top: 10px;\n}\n<\/style>\n\t<\/div>\n\t\n\n<p>1 chemin de la Fontaine de Laurent<\/p>\n<p>13880 Velaux<\/p>\n\n\t\t<\/div>\n\t\t\t\t\t<\/div>\n\n\t\n\n\t<div id=\"col-954024150\" class=\"col medium-12 small-12 large-8\"  >\n\t\t\t\t<div class=\"col-inner\"  >\n\t\t\t\n\t\t\t\n\n<div class=\"row row-small\"  id=\"row-1453322307\">\n\n\n\t<div id=\"col-1978185009\" class=\"col medium-4 small-12 large-4\"  >\n\t\t\t\t<div class=\"col-inner\"  >\n\t\t\t\n\t\t\t\n\n<h4>Mes accompagnements<\/h4>\n<ul>\n<li class=\"bullet-arrow\"><a href=\"https:\/\/www.lauriesabrinaburgio.fr\/index.php\/pour-les-femmes\/\"><span style=\"font-size: 90%;\">Pour les femmes<\/span><\/a><\/li>\n<li class=\"bullet-arrow\"><a href=\"https:\/\/www.lauriesabrinaburgio.fr\/index.php\/hommes\/\"><span style=\"font-size: 90%;\">Pour les hommes<\/span><\/a><\/li>\n<li class=\"bullet-arrow\"><a href=\"https:\/\/www.lauriesabrinaburgio.fr\/index.php\/enfants\/\"><span style=\"font-size: 90%;\">Pour les enfants<\/span><\/a><\/li>\n<li class=\"bullet-arrow\"><a href=\"https:\/\/www.lauriesabrinaburgio.fr\/index.php\/contraception-symptothermie\/\"><span style=\"font-size: 90%;\">Contraception &amp; symptothermie<\/span><\/a><\/li>\n<\/ul>\n\n\t\t<\/div>\n\t\t\t\t\t<\/div>\n\n\t\n\n\t<div id=\"col-770394179\" class=\"col medium-4 small-12 large-4\"  >\n\t\t\t\t<div class=\"col-inner\"  >\n\t\t\t\n\t\t\t\n\n<h4>Navigation<\/h4>\n<ul>\n<li class=\"bullet-arrow\"><a href=\"https:\/\/www.lauriesabrinaburgio.fr\/index.php\/qui-suis-je\/\"><span style=\"font-size: 90%;\">Qui suis-je ?<\/span><\/a><\/li>\n<li class=\"bullet-arrow\"><a href=\"https:\/\/www.lauriesabrinaburgio.fr\/index.php\/bilan-capilaire\/\"><span style=\"font-size: 90%;\">Bilan capillaire<\/span><\/a><\/li>\n<\/ul>\n\n\t\t<\/div>\n\t\t\t\t\t<\/div>\n\n\t\n\n\t<div id=\"col-954205303\" class=\"col medium-4 small-12 large-4\"  >\n\t\t\t\t<div class=\"col-inner\"  >\n\t\t\t\n\t\t\t\n\n<h4>Contact<\/h4>\n<ul>\n<li class=\"bullet-arrow\">\n<div class=\"icon-box-text last-reset\">\n<p><span style=\"font-size: 90%;\">T\u00e9l\u00e9phone :<\/span><\/p>\n<p><span style=\"font-size: 85%;\">+33 7 72 26 72 21<\/span><\/p>\n<p><span style=\"font-size: 80%;\"><strong>Sur rendez-vous uniquement<\/strong><\/span><\/p>\n<\/div>\n<\/li>\n<li class=\"bullet-arrow\"><span style=\"font-size: 90%;\">Email : <span style=\"font-size: 80%;\">lauriesabrinaburgio@gmail.com<\/span><\/span><\/li>\n<\/ul>\n\n\t\t<\/div>\n\t\t\t\t\t<\/div>\n\n\t\n\n<\/div>\n\n\t\t<\/div>\n\t\t\t\t\t<\/div>\n\n\t\n\n<\/div>\n<div class=\"row\"  id=\"row-1168761845\">\n\n\n\t<div id=\"col-1709610867\" class=\"col small-12 large-12\"  >\n\t\t\t\t<div class=\"col-inner\"  >\n\t\t\t\n\t\t\t\n\n<div class=\"is-divider divider clearfix\" style=\"max-width:100%;height:2px;background-color:rgb(255, 255, 255);\"><\/div>\n\n\n\t\t<\/div>\n\t\t\t\t\n<style>\n#col-1709610867 > .col-inner {\n  margin: -30px 0px -30px 0px;\n}\n<\/style>\n\t<\/div>\n\n\t\n\n<\/div>\n<div class=\"row hide-for-small\"  id=\"row-1233449498\">\n\n\n\t<div id=\"col-384368330\" class=\"col medium-4 small-12 large-4\"  >\n\t\t\t\t<div class=\"col-inner text-left\"  >\n\t\t\t\n\t\t\t\n\n<p>Copyright <strong>@ Laurie Burgio<\/strong><\/p>\n\n\t\t<\/div>\n\t\t\t\t\t<\/div>\n\n\t\n\n<\/div>\n<div class=\"row show-for-small\"  id=\"row-470087880\">\n\n\n\t<div id=\"col-2135788904\" class=\"col small-12 large-12\"  >\n\t\t\t\t<div class=\"col-inner text-center\"  >\n\t\t\t\n\t\t\t\n\n<div class=\"social-icons follow-icons full-width text-center\" ><a href=\"#\" target=\"_blank\" data-label=\"Facebook\" class=\"icon plain tooltip facebook\" title=\"Nous suivre sur Facebook\" aria-label=\"Nous suivre sur Facebook\" rel=\"noopener nofollow\"><i class=\"icon-facebook\" aria-hidden=\"true\"><\/i><\/a><a href=\"#\" target=\"_blank\" data-label=\"Instagram\" class=\"icon plain tooltip instagram\" title=\"Nous suivre sur Instagram\" aria-label=\"Nous suivre sur Instagram\" rel=\"noopener nofollow\"><i class=\"icon-instagram\" aria-hidden=\"true\"><\/i><\/a><a href=\"#\" data-label=\"Twitter\" target=\"_blank\" class=\"icon plain tooltip twitter\" title=\"Nous suivre sur Twitter\" aria-label=\"Nous suivre sur Twitter\" rel=\"noopener nofollow\"><i class=\"icon-twitter\" aria-hidden=\"true\"><\/i><\/a><a href=\"#\" data-label=\"LinkedIn\" target=\"_blank\" class=\"icon plain tooltip linkedin\" title=\"Nous suivre sur LinkedIn\" aria-label=\"Nous suivre sur LinkedIn\" rel=\"noopener nofollow\"><i class=\"icon-linkedin\" aria-hidden=\"true\"><\/i><\/a><\/div>\n\n\t<div id=\"gap-108992332\" class=\"gap-element clearfix\" style=\"display:block; height:auto;\">\n\t\t\n<style>\n#gap-108992332 {\n  padding-top: 10px;\n}\n<\/style>\n\t<\/div>\n\t\n\n<p>\u00a9<br \/>\n 2026 UX Themes<\/p>\n<a class=\"button white is-link is-small\" >\n\t\t<span>Terms<\/span>\n\t<\/a>\n\n\n<a class=\"button white is-link is-small\" >\n\t\t<span>Privacy<\/span>\n\t<\/a>\n\n\n<a class=\"button white is-link is-small\" >\n\t\t<span>Cookies<\/span>\n\t<\/a>\n\n\n\n\t\t<\/div>\n\t\t\t\t\t<\/div>\n\n\t\n\n<\/div>\n\n\t\t<\/div>\n\n\t\t\n<style>\n#section_1611808134 {\n  padding-top: 30px;\n  padding-bottom: 30px;\n  background-color: #273647;\n}\n@media (min-width:550px) {\n  #section_1611808134 {\n    padding-top: 60px;\n    padding-bottom: 60px;\n  }\n}\n<\/style>\n\t<\/section>\n\t\n\n","protected":false},"excerpt":{"rendered":"","protected":false},"author":1,"featured_media":0,"parent":0,"menu_order":0,"comment_status":"closed","ping_status":"closed","template":"","meta":{"footnotes":""},"class_list":["post-436","page","type-page","status-publish","hentry"],"yoast_head":"<!-- This site is optimized with the Yoast SEO plugin v26.5 - https:\/\/yoast.com\/wordpress\/plugins\/seo\/ -->\n<title>Contraception &amp; Symptothermie - Laurie Sabrina Burgio<\/title>\n<meta name=\"description\" content=\"Contraception &amp; Symptothermie %\" \/>\n<meta name=\"robots\" content=\"index, follow, max-snippet:-1, max-image-preview:large, max-video-preview:-1\" \/>\n<link rel=\"canonical\" href=\"https:\/\/www.lauriesabrinaburgio.fr\/index.php\/contraception-symptothermie\/\" \/>\n<meta property=\"og:locale\" content=\"fr_FR\" \/>\n<meta property=\"og:type\" content=\"article\" \/>\n<meta property=\"og:title\" content=\"Contraception &amp; Symptothermie - Laurie Sabrina Burgio\" \/>\n<meta property=\"og:description\" content=\"Contraception &amp; Symptothermie %\" \/>\n<meta property=\"og:url\" content=\"https:\/\/www.lauriesabrinaburgio.fr\/index.php\/contraception-symptothermie\/\" \/>\n<meta property=\"og:site_name\" content=\"Laurie Sabrina Burgio\" \/>\n<meta property=\"article:modified_time\" content=\"2025-12-13T18:03:48+00:00\" \/>\n<meta property=\"og:image\" content=\"https:\/\/www.lauriesabrinaburgio.fr\/wp-content\/uploads\/2025\/08\/LOGO_ALTERNATIF_BLEU_OR.jpg\" \/>\n\t<meta property=\"og:image:width\" content=\"843\" \/>\n\t<meta property=\"og:image:height\" content=\"426\" \/>\n\t<meta property=\"og:image:type\" content=\"image\/jpeg\" \/>\n<meta name=\"twitter:card\" content=\"summary_large_image\" \/>\n<meta name=\"twitter:label1\" content=\"Dur\u00e9e de lecture estim\u00e9e\" \/>\n\t<meta name=\"twitter:data1\" content=\"1 minute\" \/>\n<script type=\"application\/ld+json\" class=\"yoast-schema-graph\">{\"@context\":\"https:\/\/schema.org\",\"@graph\":[{\"@type\":\"WebPage\",\"@id\":\"https:\/\/www.lauriesabrinaburgio.fr\/index.php\/contraception-symptothermie\/\",\"url\":\"https:\/\/www.lauriesabrinaburgio.fr\/index.php\/contraception-symptothermie\/\",\"name\":\"Contraception &amp; Symptothermie - Laurie Sabrina Burgio\",\"isPartOf\":{\"@id\":\"https:\/\/www.lauriesabrinaburgio.fr\/#website\"},\"datePublished\":\"2025-10-27T13:37:25+00:00\",\"dateModified\":\"2025-12-13T18:03:48+00:00\",\"description\":\"Contraception &amp; Symptothermie %\",\"breadcrumb\":{\"@id\":\"https:\/\/www.lauriesabrinaburgio.fr\/index.php\/contraception-symptothermie\/#breadcrumb\"},\"inLanguage\":\"fr-FR\",\"potentialAction\":[{\"@type\":\"ReadAction\",\"target\":[\"https:\/\/www.lauriesabrinaburgio.fr\/index.php\/contraception-symptothermie\/\"]}]},{\"@type\":\"BreadcrumbList\",\"@id\":\"https:\/\/www.lauriesabrinaburgio.fr\/index.php\/contraception-symptothermie\/#breadcrumb\",\"itemListElement\":[{\"@type\":\"ListItem\",\"position\":1,\"name\":\"Accueil\",\"item\":\"https:\/\/www.lauriesabrinaburgio.fr\/\"},{\"@type\":\"ListItem\",\"position\":2,\"name\":\"Contraception &amp; Symptothermie\"}]},{\"@type\":\"WebSite\",\"@id\":\"https:\/\/www.lauriesabrinaburgio.fr\/#website\",\"url\":\"https:\/\/www.lauriesabrinaburgio.fr\/\",\"name\":\"Laurie Sabrina Burgio\",\"description\":\"T\u00e9rapeute \u00e9nergie f\u00e9minie\",\"publisher\":{\"@id\":\"https:\/\/www.lauriesabrinaburgio.fr\/#\/schema\/person\/8392effba34872114f6dc49c58140a29\"},\"alternateName\":\"Laurie Sabrina\",\"potentialAction\":[{\"@type\":\"SearchAction\",\"target\":{\"@type\":\"EntryPoint\",\"urlTemplate\":\"https:\/\/www.lauriesabrinaburgio.fr\/?s={search_term_string}\"},\"query-input\":{\"@type\":\"PropertyValueSpecification\",\"valueRequired\":true,\"valueName\":\"search_term_string\"}}],\"inLanguage\":\"fr-FR\"},{\"@type\":[\"Person\",\"Organization\"],\"@id\":\"https:\/\/www.lauriesabrinaburgio.fr\/#\/schema\/person\/8392effba34872114f6dc49c58140a29\",\"name\":\"Laurie Sabrina Burgio\",\"image\":{\"@type\":\"ImageObject\",\"inLanguage\":\"fr-FR\",\"@id\":\"https:\/\/www.lauriesabrinaburgio.fr\/#\/schema\/person\/image\/\",\"url\":\"https:\/\/www.lauriesabrinaburgio.fr\/wp-content\/uploads\/2025\/08\/LOGO_PICTO_BLEU_OR.png\",\"contentUrl\":\"https:\/\/www.lauriesabrinaburgio.fr\/wp-content\/uploads\/2025\/08\/LOGO_PICTO_BLEU_OR.png\",\"width\":843,\"height\":596,\"caption\":\"Laurie Sabrina Burgio\"},\"logo\":{\"@id\":\"https:\/\/www.lauriesabrinaburgio.fr\/#\/schema\/person\/image\/\"},\"sameAs\":[\"http:\/\/www.lauriesabrinaburgio.fr\"]}]}<\/script>\n<!-- \/ Yoast SEO plugin. -->","yoast_head_json":{"title":"Contraception &amp; Symptothermie - Laurie Sabrina Burgio","description":"Contraception &amp; Symptothermie %","robots":{"index":"index","follow":"follow","max-snippet":"max-snippet:-1","max-image-preview":"max-image-preview:large","max-video-preview":"max-video-preview:-1"},"canonical":"https:\/\/www.lauriesabrinaburgio.fr\/index.php\/contraception-symptothermie\/","og_locale":"fr_FR","og_type":"article","og_title":"Contraception &amp; Symptothermie - Laurie Sabrina Burgio","og_description":"Contraception &amp; Symptothermie %","og_url":"https:\/\/www.lauriesabrinaburgio.fr\/index.php\/contraception-symptothermie\/","og_site_name":"Laurie Sabrina Burgio","article_modified_time":"2025-12-13T18:03:48+00:00","og_image":[{"width":843,"height":426,"url":"https:\/\/www.lauriesabrinaburgio.fr\/wp-content\/uploads\/2025\/08\/LOGO_ALTERNATIF_BLEU_OR.jpg","type":"image\/jpeg"}],"twitter_card":"summary_large_image","twitter_misc":{"Dur\u00e9e de lecture estim\u00e9e":"1 minute"},"schema":{"@context":"https:\/\/schema.org","@graph":[{"@type":"WebPage","@id":"https:\/\/www.lauriesabrinaburgio.fr\/index.php\/contraception-symptothermie\/","url":"https:\/\/www.lauriesabrinaburgio.fr\/index.php\/contraception-symptothermie\/","name":"Contraception &amp; Symptothermie - Laurie Sabrina Burgio","isPartOf":{"@id":"https:\/\/www.lauriesabrinaburgio.fr\/#website"},"datePublished":"2025-10-27T13:37:25+00:00","dateModified":"2025-12-13T18:03:48+00:00","description":"Contraception &amp; Symptothermie %","breadcrumb":{"@id":"https:\/\/www.lauriesabrinaburgio.fr\/index.php\/contraception-symptothermie\/#breadcrumb"},"inLanguage":"fr-FR","potentialAction":[{"@type":"ReadAction","target":["https:\/\/www.lauriesabrinaburgio.fr\/index.php\/contraception-symptothermie\/"]}]},{"@type":"BreadcrumbList","@id":"https:\/\/www.lauriesabrinaburgio.fr\/index.php\/contraception-symptothermie\/#breadcrumb","itemListElement":[{"@type":"ListItem","position":1,"name":"Accueil","item":"https:\/\/www.lauriesabrinaburgio.fr\/"},{"@type":"ListItem","position":2,"name":"Contraception &amp; Symptothermie"}]},{"@type":"WebSite","@id":"https:\/\/www.lauriesabrinaburgio.fr\/#website","url":"https:\/\/www.lauriesabrinaburgio.fr\/","name":"Laurie Sabrina Burgio","description":"T\u00e9rapeute \u00e9nergie f\u00e9minie","publisher":{"@id":"https:\/\/www.lauriesabrinaburgio.fr\/#\/schema\/person\/8392effba34872114f6dc49c58140a29"},"alternateName":"Laurie Sabrina","potentialAction":[{"@type":"SearchAction","target":{"@type":"EntryPoint","urlTemplate":"https:\/\/www.lauriesabrinaburgio.fr\/?s={search_term_string}"},"query-input":{"@type":"PropertyValueSpecification","valueRequired":true,"valueName":"search_term_string"}}],"inLanguage":"fr-FR"},{"@type":["Person","Organization"],"@id":"https:\/\/www.lauriesabrinaburgio.fr\/#\/schema\/person\/8392effba34872114f6dc49c58140a29","name":"Laurie Sabrina Burgio","image":{"@type":"ImageObject","inLanguage":"fr-FR","@id":"https:\/\/www.lauriesabrinaburgio.fr\/#\/schema\/person\/image\/","url":"https:\/\/www.lauriesabrinaburgio.fr\/wp-content\/uploads\/2025\/08\/LOGO_PICTO_BLEU_OR.png","contentUrl":"https:\/\/www.lauriesabrinaburgio.fr\/wp-content\/uploads\/2025\/08\/LOGO_PICTO_BLEU_OR.png","width":843,"height":596,"caption":"Laurie Sabrina Burgio"},"logo":{"@id":"https:\/\/www.lauriesabrinaburgio.fr\/#\/schema\/person\/image\/"},"sameAs":["http:\/\/www.lauriesabrinaburgio.fr"]}]}},"_links":{"self":[{"href":"https:\/\/www.lauriesabrinaburgio.fr\/index.php\/wp-json\/wp\/v2\/pages\/436","targetHints":{"allow":["GET"]}}],"collection":[{"href":"https:\/\/www.lauriesabrinaburgio.fr\/index.php\/wp-json\/wp\/v2\/pages"}],"about":[{"href":"https:\/\/www.lauriesabrinaburgio.fr\/index.php\/wp-json\/wp\/v2\/types\/page"}],"author":[{"embeddable":true,"href":"https:\/\/www.lauriesabrinaburgio.fr\/index.php\/wp-json\/wp\/v2\/users\/1"}],"replies":[{"embeddable":true,"href":"https:\/\/www.lauriesabrinaburgio.fr\/index.php\/wp-json\/wp\/v2\/comments?post=436"}],"version-history":[{"count":17,"href":"https:\/\/www.lauriesabrinaburgio.fr\/index.php\/wp-json\/wp\/v2\/pages\/436\/revisions"}],"predecessor-version":[{"id":527,"href":"https:\/\/www.lauriesabrinaburgio.fr\/index.php\/wp-json\/wp\/v2\/pages\/436\/revisions\/527"}],"wp:attachment":[{"href":"https:\/\/www.lauriesabrinaburgio.fr\/index.php\/wp-json\/wp\/v2\/media?parent=436"}],"curies":[{"name":"wp","href":"https:\/\/api.w.org\/{rel}","templated":true}]}}